{"id":209,"date":"2024-10-22T17:07:49","date_gmt":"2024-10-22T14:07:49","guid":{"rendered":"http:\/\/chickychick.tr\/?post_type=product&#038;p=209"},"modified":"2024-11-29T11:50:26","modified_gmt":"2024-11-29T08:50:26","slug":"tavuk-tenders","status":"publish","type":"product","link":"https:\/\/chickychick.tr\/index.php\/urun\/tavuk-tenders\/","title":{"rendered":"Tavuk Tenders"},"content":{"rendered":"<p>D\u0131\u015f\u0131 \u00e7\u0131t\u0131r, i\u00e7i yumu\u015fac\u0131k! \u00d6zel paneli \u00e7\u0131t\u0131r tenders. Ball\u0131 hardal, ranch sos, ket\u00e7ap, mayonez, patates k\u0131zartmas\u0131 ile<\/p>\n","protected":false},"excerpt":{"rendered":"<p>D\u0131\u015f\u0131 \u00e7\u0131t\u0131r, i\u00e7i yumu\u015fac\u0131k! \u00d6zel paneli \u00e7\u0131t\u0131r tenders. Ball\u0131 hardal, ranch sos, ket\u00e7ap, mayonez, patates k\u0131zartmas\u0131 ile<\/p>\n","protected":false},"featured_media":371,"comment_status":"open","ping_status":"closed","template":"","meta":[],"product_brand":[],"product_cat":[14],"product_tag":[],"class_list":{"0":"post-209","1":"product","2":"type-product","3":"status-publish","4":"has-post-thumbnail","6":"product_cat-citir-lezzetler","8":"first","9":"instock","10":"shipping-taxable","11":"product-type-simple"},"_links":{"self":[{"href":"https:\/\/chickychick.tr\/index.php\/wp-json\/wp\/v2\/product\/209","targetHints":{"allow":["GET"]}}],"collection":[{"href":"https:\/\/chickychick.tr\/index.php\/wp-json\/wp\/v2\/product"}],"about":[{"href":"https:\/\/chickychick.tr\/index.php\/wp-json\/wp\/v2\/types\/product"}],"replies":[{"embeddable":true,"href":"https:\/\/chickychick.tr\/index.php\/wp-json\/wp\/v2\/comments?post=209"}],"wp:featuredmedia":[{"embeddable":true,"href":"https:\/\/chickychick.tr\/index.php\/wp-json\/wp\/v2\/media\/371"}],"wp:attachment":[{"href":"https:\/\/chickychick.tr\/index.php\/wp-json\/wp\/v2\/media?parent=209"}],"wp:term":[{"taxonomy":"product_brand","embeddable":true,"href":"https:\/\/chickychick.tr\/index.php\/wp-json\/wp\/v2\/product_brand?post=209"},{"taxonomy":"product_cat","embeddable":true,"href":"https:\/\/chickychick.tr\/index.php\/wp-json\/wp\/v2\/product_cat?post=209"},{"taxonomy":"product_tag","embeddable":true,"href":"https:\/\/chickychick.tr\/index.php\/wp-json\/wp\/v2\/product_tag?post=209"}],"curies":[{"name":"wp","href":"https:\/\/api.w.org\/{rel}","templated":true}]}}