{"id":213,"date":"2024-10-22T17:22:07","date_gmt":"2024-10-22T14:22:07","guid":{"rendered":"http:\/\/chickychick.tr\/?post_type=product&#038;p=213"},"modified":"2024-10-22T17:22:08","modified_gmt":"2024-10-22T14:22:08","slug":"kremali-tavuk-alfredo","status":"publish","type":"product","link":"https:\/\/chickychick.tr\/index.php\/urun\/kremali-tavuk-alfredo\/","title":{"rendered":"Kremal\u0131 Tavuk Alfredo"},"content":{"rendered":"<p>Zengin kremas\u0131 ve taze tavuk g\u00f6\u011fs\u00fcyle haz\u0131rlanan Alfredo&#8217;muz, \u0130talyan mutfa\u011f\u0131n\u0131n en sevilen lezzetini sofran\u0131za getiriyor. Her lokmada enfes bir deneyim!<\/p>\n","protected":false},"excerpt":{"rendered":"<p>Zengin kremas\u0131 ve taze tavuk g\u00f6\u011fs\u00fcyle haz\u0131rlanan Alfredo&#8217;muz, \u0130talyan mutfa\u011f\u0131n\u0131n en sevilen lezzetini sofran\u0131za getiriyor. Her lokmada enfes bir deneyim!<\/p>\n","protected":false},"featured_media":214,"comment_status":"open","ping_status":"closed","template":"","meta":[],"product_brand":[],"product_cat":[39],"product_tag":[],"class_list":{"0":"post-213","1":"product","2":"type-product","3":"status-publish","4":"has-post-thumbnail","6":"product_cat-makarna","8":"first","9":"instock","10":"shipping-taxable","11":"product-type-simple"},"_links":{"self":[{"href":"https:\/\/chickychick.tr\/index.php\/wp-json\/wp\/v2\/product\/213","targetHints":{"allow":["GET"]}}],"collection":[{"href":"https:\/\/chickychick.tr\/index.php\/wp-json\/wp\/v2\/product"}],"about":[{"href":"https:\/\/chickychick.tr\/index.php\/wp-json\/wp\/v2\/types\/product"}],"replies":[{"embeddable":true,"href":"https:\/\/chickychick.tr\/index.php\/wp-json\/wp\/v2\/comments?post=213"}],"wp:featuredmedia":[{"embeddable":true,"href":"https:\/\/chickychick.tr\/index.php\/wp-json\/wp\/v2\/media\/214"}],"wp:attachment":[{"href":"https:\/\/chickychick.tr\/index.php\/wp-json\/wp\/v2\/media?parent=213"}],"wp:term":[{"taxonomy":"product_brand","embeddable":true,"href":"https:\/\/chickychick.tr\/index.php\/wp-json\/wp\/v2\/product_brand?post=213"},{"taxonomy":"product_cat","embeddable":true,"href":"https:\/\/chickychick.tr\/index.php\/wp-json\/wp\/v2\/product_cat?post=213"},{"taxonomy":"product_tag","embeddable":true,"href":"https:\/\/chickychick.tr\/index.php\/wp-json\/wp\/v2\/product_tag?post=213"}],"curies":[{"name":"wp","href":"https:\/\/api.w.org\/{rel}","templated":true}]}}