{"id":273,"date":"2024-11-29T09:10:46","date_gmt":"2024-11-29T06:10:46","guid":{"rendered":"http:\/\/chickychick.tr\/?post_type=product&#038;p=273"},"modified":"2024-11-29T11:49:38","modified_gmt":"2024-11-29T08:49:38","slug":"citir-sogan-halkalari","status":"publish","type":"product","link":"https:\/\/chickychick.tr\/index.php\/urun\/citir-sogan-halkalari\/","title":{"rendered":"\u00c7\u0131t\u0131r So\u011fan Halkalar\u0131"},"content":{"rendered":"<p>8 adet \u00e7\u0131t\u0131r so\u011fan halkas\u0131, Ranch sos, ball\u0131 hardal sos, ket\u00e7ap, mayonez, patates k\u0131zartmas\u0131 ile<\/p>\n","protected":false},"excerpt":{"rendered":"<p>8 adet \u00e7\u0131t\u0131r so\u011fan halkas\u0131, Ranch sos, ball\u0131 hardal sos, ket\u00e7ap, mayonez, patates k\u0131zartmas\u0131 ile<\/p>\n","protected":false},"featured_media":370,"comment_status":"open","ping_status":"closed","template":"","meta":[],"product_brand":[],"product_cat":[14],"product_tag":[],"class_list":{"0":"post-273","1":"product","2":"type-product","3":"status-publish","4":"has-post-thumbnail","6":"product_cat-citir-lezzetler","8":"first","9":"instock","10":"shipping-taxable","11":"product-type-simple"},"_links":{"self":[{"href":"https:\/\/chickychick.tr\/index.php\/wp-json\/wp\/v2\/product\/273","targetHints":{"allow":["GET"]}}],"collection":[{"href":"https:\/\/chickychick.tr\/index.php\/wp-json\/wp\/v2\/product"}],"about":[{"href":"https:\/\/chickychick.tr\/index.php\/wp-json\/wp\/v2\/types\/product"}],"replies":[{"embeddable":true,"href":"https:\/\/chickychick.tr\/index.php\/wp-json\/wp\/v2\/comments?post=273"}],"wp:featuredmedia":[{"embeddable":true,"href":"https:\/\/chickychick.tr\/index.php\/wp-json\/wp\/v2\/media\/370"}],"wp:attachment":[{"href":"https:\/\/chickychick.tr\/index.php\/wp-json\/wp\/v2\/media?parent=273"}],"wp:term":[{"taxonomy":"product_brand","embeddable":true,"href":"https:\/\/chickychick.tr\/index.php\/wp-json\/wp\/v2\/product_brand?post=273"},{"taxonomy":"product_cat","embeddable":true,"href":"https:\/\/chickychick.tr\/index.php\/wp-json\/wp\/v2\/product_cat?post=273"},{"taxonomy":"product_tag","embeddable":true,"href":"https:\/\/chickychick.tr\/index.php\/wp-json\/wp\/v2\/product_tag?post=273"}],"curies":[{"name":"wp","href":"https:\/\/api.w.org\/{rel}","templated":true}]}}