{"id":275,"date":"2024-11-29T09:13:45","date_gmt":"2024-11-29T06:13:45","guid":{"rendered":"http:\/\/chickychick.tr\/?post_type=product&#038;p=275"},"modified":"2024-11-29T09:13:56","modified_gmt":"2024-11-29T06:13:56","slug":"kori-soslu","status":"publish","type":"product","link":"https:\/\/chickychick.tr\/index.php\/urun\/kori-soslu\/","title":{"rendered":"K\u00f6ri Soslu"},"content":{"rendered":"<p>Tavuk g\u00f6\u011f\u00fcs, k\u00f6y biberi, da\u011f mantar\u0131. Krema soslu makarna, Akdeniz ye\u015fillikleri ile<\/p>\n","protected":false},"excerpt":{"rendered":"<p>Tavuk g\u00f6\u011f\u00fcs, k\u00f6y biberi, da\u011f mantar\u0131. Krema soslu makarna, Akdeniz ye\u015fillikleri ile<\/p>\n","protected":false},"featured_media":276,"comment_status":"open","ping_status":"closed","template":"","meta":[],"product_brand":[],"product_cat":[40],"product_tag":[],"class_list":{"0":"post-275","1":"product","2":"type-product","3":"status-publish","4":"has-post-thumbnail","6":"product_cat-tava-lezzetler","8":"first","9":"instock","10":"shipping-taxable","11":"product-type-simple"},"_links":{"self":[{"href":"https:\/\/chickychick.tr\/index.php\/wp-json\/wp\/v2\/product\/275","targetHints":{"allow":["GET"]}}],"collection":[{"href":"https:\/\/chickychick.tr\/index.php\/wp-json\/wp\/v2\/product"}],"about":[{"href":"https:\/\/chickychick.tr\/index.php\/wp-json\/wp\/v2\/types\/product"}],"replies":[{"embeddable":true,"href":"https:\/\/chickychick.tr\/index.php\/wp-json\/wp\/v2\/comments?post=275"}],"wp:featuredmedia":[{"embeddable":true,"href":"https:\/\/chickychick.tr\/index.php\/wp-json\/wp\/v2\/media\/276"}],"wp:attachment":[{"href":"https:\/\/chickychick.tr\/index.php\/wp-json\/wp\/v2\/media?parent=275"}],"wp:term":[{"taxonomy":"product_brand","embeddable":true,"href":"https:\/\/chickychick.tr\/index.php\/wp-json\/wp\/v2\/product_brand?post=275"},{"taxonomy":"product_cat","embeddable":true,"href":"https:\/\/chickychick.tr\/index.php\/wp-json\/wp\/v2\/product_cat?post=275"},{"taxonomy":"product_tag","embeddable":true,"href":"https:\/\/chickychick.tr\/index.php\/wp-json\/wp\/v2\/product_tag?post=275"}],"curies":[{"name":"wp","href":"https:\/\/api.w.org\/{rel}","templated":true}]}}