{"id":281,"date":"2024-11-29T09:19:42","date_gmt":"2024-11-29T06:19:42","guid":{"rendered":"http:\/\/chickychick.tr\/?post_type=product&#038;p=281"},"modified":"2024-11-29T09:19:43","modified_gmt":"2024-11-29T06:19:43","slug":"pesto-soslu","status":"publish","type":"product","link":"https:\/\/chickychick.tr\/index.php\/urun\/pesto-soslu\/","title":{"rendered":"Pesto Soslu"},"content":{"rendered":"<p>Tavuk but, pesto sos, krema, g\u00fcn kurusu domates, kremal\u0131 makarna, k\u00f6rpe Akdeniz ye\u015fillikleri ile<\/p>\n","protected":false},"excerpt":{"rendered":"<p>Tavuk but, pesto sos, krema, g\u00fcn kurusu domates, kremal\u0131 makarna, k\u00f6rpe Akdeniz ye\u015fillikleri ile<\/p>\n","protected":false},"featured_media":282,"comment_status":"open","ping_status":"closed","template":"","meta":[],"product_brand":[],"product_cat":[40],"product_tag":[],"class_list":{"0":"post-281","1":"product","2":"type-product","3":"status-publish","4":"has-post-thumbnail","6":"product_cat-tava-lezzetler","8":"first","9":"instock","10":"shipping-taxable","11":"product-type-simple"},"_links":{"self":[{"href":"https:\/\/chickychick.tr\/index.php\/wp-json\/wp\/v2\/product\/281","targetHints":{"allow":["GET"]}}],"collection":[{"href":"https:\/\/chickychick.tr\/index.php\/wp-json\/wp\/v2\/product"}],"about":[{"href":"https:\/\/chickychick.tr\/index.php\/wp-json\/wp\/v2\/types\/product"}],"replies":[{"embeddable":true,"href":"https:\/\/chickychick.tr\/index.php\/wp-json\/wp\/v2\/comments?post=281"}],"wp:featuredmedia":[{"embeddable":true,"href":"https:\/\/chickychick.tr\/index.php\/wp-json\/wp\/v2\/media\/282"}],"wp:attachment":[{"href":"https:\/\/chickychick.tr\/index.php\/wp-json\/wp\/v2\/media?parent=281"}],"wp:term":[{"taxonomy":"product_brand","embeddable":true,"href":"https:\/\/chickychick.tr\/index.php\/wp-json\/wp\/v2\/product_brand?post=281"},{"taxonomy":"product_cat","embeddable":true,"href":"https:\/\/chickychick.tr\/index.php\/wp-json\/wp\/v2\/product_cat?post=281"},{"taxonomy":"product_tag","embeddable":true,"href":"https:\/\/chickychick.tr\/index.php\/wp-json\/wp\/v2\/product_tag?post=281"}],"curies":[{"name":"wp","href":"https:\/\/api.w.org\/{rel}","templated":true}]}}