{"id":283,"date":"2024-11-29T09:22:55","date_gmt":"2024-11-29T06:22:55","guid":{"rendered":"http:\/\/chickychick.tr\/?post_type=product&#038;p=283"},"modified":"2024-11-29T09:22:55","modified_gmt":"2024-11-29T06:22:55","slug":"acili-macili","status":"publish","type":"product","link":"https:\/\/chickychick.tr\/index.php\/urun\/acili-macili\/","title":{"rendered":"Ac\u0131l\u0131 Mac\u0131l\u0131"},"content":{"rendered":"<p>Jalapeno biberi, renkli biber, k\u0131rm\u0131z\u0131 chicky sos, krema soslu makarna, k\u00f6rpe Akdeniz ye\u015fillikleri<\/p>\n","protected":false},"excerpt":{"rendered":"<p>Jalapeno biberi, renkli biber, k\u0131rm\u0131z\u0131 chicky sos, krema soslu makarna, k\u00f6rpe Akdeniz ye\u015fillikleri<\/p>\n","protected":false},"featured_media":285,"comment_status":"open","ping_status":"closed","template":"","meta":[],"product_brand":[],"product_cat":[40],"product_tag":[],"class_list":{"0":"post-283","1":"product","2":"type-product","3":"status-publish","4":"has-post-thumbnail","6":"product_cat-tava-lezzetler","8":"first","9":"instock","10":"shipping-taxable","11":"product-type-simple"},"_links":{"self":[{"href":"https:\/\/chickychick.tr\/index.php\/wp-json\/wp\/v2\/product\/283","targetHints":{"allow":["GET"]}}],"collection":[{"href":"https:\/\/chickychick.tr\/index.php\/wp-json\/wp\/v2\/product"}],"about":[{"href":"https:\/\/chickychick.tr\/index.php\/wp-json\/wp\/v2\/types\/product"}],"replies":[{"embeddable":true,"href":"https:\/\/chickychick.tr\/index.php\/wp-json\/wp\/v2\/comments?post=283"}],"wp:featuredmedia":[{"embeddable":true,"href":"https:\/\/chickychick.tr\/index.php\/wp-json\/wp\/v2\/media\/285"}],"wp:attachment":[{"href":"https:\/\/chickychick.tr\/index.php\/wp-json\/wp\/v2\/media?parent=283"}],"wp:term":[{"taxonomy":"product_brand","embeddable":true,"href":"https:\/\/chickychick.tr\/index.php\/wp-json\/wp\/v2\/product_brand?post=283"},{"taxonomy":"product_cat","embeddable":true,"href":"https:\/\/chickychick.tr\/index.php\/wp-json\/wp\/v2\/product_cat?post=283"},{"taxonomy":"product_tag","embeddable":true,"href":"https:\/\/chickychick.tr\/index.php\/wp-json\/wp\/v2\/product_tag?post=283"}],"curies":[{"name":"wp","href":"https:\/\/api.w.org\/{rel}","templated":true}]}}