{"id":286,"date":"2024-11-29T09:25:02","date_gmt":"2024-11-29T06:25:02","guid":{"rendered":"http:\/\/chickychick.tr\/?post_type=product&#038;p=286"},"modified":"2024-11-29T09:25:02","modified_gmt":"2024-11-29T06:25:02","slug":"perilim","status":"publish","type":"product","link":"https:\/\/chickychick.tr\/index.php\/urun\/perilim\/","title":{"rendered":"Perilim"},"content":{"rendered":"<p>\u00d6zel peri peri sos, hardal, kremal\u0131, julyen sebzeler, mantar, kremal\u0131 makarna, Akdeniz ye\u015fillikleri ile<\/p>\n","protected":false},"excerpt":{"rendered":"<p>\u00d6zel peri peri sos, hardal, kremal\u0131, julyen sebzeler, mantar, kremal\u0131 makarna, Akdeniz ye\u015fillikleri ile<\/p>\n","protected":false},"featured_media":287,"comment_status":"open","ping_status":"closed","template":"","meta":[],"product_brand":[],"product_cat":[40],"product_tag":[],"class_list":{"0":"post-286","1":"product","2":"type-product","3":"status-publish","4":"has-post-thumbnail","6":"product_cat-tava-lezzetler","8":"first","9":"instock","10":"shipping-taxable","11":"product-type-simple"},"_links":{"self":[{"href":"https:\/\/chickychick.tr\/index.php\/wp-json\/wp\/v2\/product\/286","targetHints":{"allow":["GET"]}}],"collection":[{"href":"https:\/\/chickychick.tr\/index.php\/wp-json\/wp\/v2\/product"}],"about":[{"href":"https:\/\/chickychick.tr\/index.php\/wp-json\/wp\/v2\/types\/product"}],"replies":[{"embeddable":true,"href":"https:\/\/chickychick.tr\/index.php\/wp-json\/wp\/v2\/comments?post=286"}],"wp:featuredmedia":[{"embeddable":true,"href":"https:\/\/chickychick.tr\/index.php\/wp-json\/wp\/v2\/media\/287"}],"wp:attachment":[{"href":"https:\/\/chickychick.tr\/index.php\/wp-json\/wp\/v2\/media?parent=286"}],"wp:term":[{"taxonomy":"product_brand","embeddable":true,"href":"https:\/\/chickychick.tr\/index.php\/wp-json\/wp\/v2\/product_brand?post=286"},{"taxonomy":"product_cat","embeddable":true,"href":"https:\/\/chickychick.tr\/index.php\/wp-json\/wp\/v2\/product_cat?post=286"},{"taxonomy":"product_tag","embeddable":true,"href":"https:\/\/chickychick.tr\/index.php\/wp-json\/wp\/v2\/product_tag?post=286"}],"curies":[{"name":"wp","href":"https:\/\/api.w.org\/{rel}","templated":true}]}}