{"id":288,"date":"2024-11-29T09:26:35","date_gmt":"2024-11-29T06:26:35","guid":{"rendered":"http:\/\/chickychick.tr\/?post_type=product&#038;p=288"},"modified":"2024-11-29T09:26:35","modified_gmt":"2024-11-29T06:26:35","slug":"chicky-special-kavurma","status":"publish","type":"product","link":"https:\/\/chickychick.tr\/index.php\/urun\/chicky-special-kavurma\/","title":{"rendered":"Chicky Special Kavurma"},"content":{"rendered":"<p>Renkli biber, arpac\u0131k so\u011fan, k\u00f6y mantar\u0131, da\u011f keki\u011fi, cherry domates. Kremal\u0131 makarna, Akdeniz ye\u015fillikleri ile<\/p>\n","protected":false},"excerpt":{"rendered":"<p>Renkli biber, arpac\u0131k so\u011fan, k\u00f6y mantar\u0131, da\u011f keki\u011fi, cherry domates. Kremal\u0131 makarna, Akdeniz ye\u015fillikleri ile<\/p>\n","protected":false},"featured_media":289,"comment_status":"open","ping_status":"closed","template":"","meta":[],"product_brand":[],"product_cat":[40],"product_tag":[],"class_list":{"0":"post-288","1":"product","2":"type-product","3":"status-publish","4":"has-post-thumbnail","6":"product_cat-tava-lezzetler","8":"first","9":"instock","10":"shipping-taxable","11":"product-type-simple"},"_links":{"self":[{"href":"https:\/\/chickychick.tr\/index.php\/wp-json\/wp\/v2\/product\/288","targetHints":{"allow":["GET"]}}],"collection":[{"href":"https:\/\/chickychick.tr\/index.php\/wp-json\/wp\/v2\/product"}],"about":[{"href":"https:\/\/chickychick.tr\/index.php\/wp-json\/wp\/v2\/types\/product"}],"replies":[{"embeddable":true,"href":"https:\/\/chickychick.tr\/index.php\/wp-json\/wp\/v2\/comments?post=288"}],"wp:featuredmedia":[{"embeddable":true,"href":"https:\/\/chickychick.tr\/index.php\/wp-json\/wp\/v2\/media\/289"}],"wp:attachment":[{"href":"https:\/\/chickychick.tr\/index.php\/wp-json\/wp\/v2\/media?parent=288"}],"wp:term":[{"taxonomy":"product_brand","embeddable":true,"href":"https:\/\/chickychick.tr\/index.php\/wp-json\/wp\/v2\/product_brand?post=288"},{"taxonomy":"product_cat","embeddable":true,"href":"https:\/\/chickychick.tr\/index.php\/wp-json\/wp\/v2\/product_cat?post=288"},{"taxonomy":"product_tag","embeddable":true,"href":"https:\/\/chickychick.tr\/index.php\/wp-json\/wp\/v2\/product_tag?post=288"}],"curies":[{"name":"wp","href":"https:\/\/api.w.org\/{rel}","templated":true}]}}