{"id":296,"date":"2024-11-29T10:46:19","date_gmt":"2024-11-29T07:46:19","guid":{"rendered":"http:\/\/chickychick.tr\/?post_type=product&#038;p=296"},"modified":"2024-11-29T10:46:19","modified_gmt":"2024-11-29T07:46:19","slug":"tavuk-kulbasti","status":"publish","type":"product","link":"https:\/\/chickychick.tr\/index.php\/urun\/tavuk-kulbasti\/","title":{"rendered":"Tavuk K\u00fclbast\u0131"},"content":{"rendered":"<p>Izgara tavuk g\u00f6\u011f\u00fcs, patates k\u0131zartmas\u0131, k\u00f6rpe Akdeniz ye\u015fillikleri,<\/p>\n","protected":false},"excerpt":{"rendered":"<p>Izgara tavuk g\u00f6\u011f\u00fcs, patates k\u0131zartmas\u0131, k\u00f6rpe Akdeniz ye\u015fillikleri,<\/p>\n","protected":false},"featured_media":298,"comment_status":"open","ping_status":"closed","template":"","meta":[],"product_brand":[],"product_cat":[37],"product_tag":[],"class_list":{"0":"post-296","1":"product","2":"type-product","3":"status-publish","4":"has-post-thumbnail","6":"product_cat-duman-ustunde","8":"first","9":"instock","10":"shipping-taxable","11":"product-type-simple"},"_links":{"self":[{"href":"https:\/\/chickychick.tr\/index.php\/wp-json\/wp\/v2\/product\/296","targetHints":{"allow":["GET"]}}],"collection":[{"href":"https:\/\/chickychick.tr\/index.php\/wp-json\/wp\/v2\/product"}],"about":[{"href":"https:\/\/chickychick.tr\/index.php\/wp-json\/wp\/v2\/types\/product"}],"replies":[{"embeddable":true,"href":"https:\/\/chickychick.tr\/index.php\/wp-json\/wp\/v2\/comments?post=296"}],"wp:featuredmedia":[{"embeddable":true,"href":"https:\/\/chickychick.tr\/index.php\/wp-json\/wp\/v2\/media\/298"}],"wp:attachment":[{"href":"https:\/\/chickychick.tr\/index.php\/wp-json\/wp\/v2\/media?parent=296"}],"wp:term":[{"taxonomy":"product_brand","embeddable":true,"href":"https:\/\/chickychick.tr\/index.php\/wp-json\/wp\/v2\/product_brand?post=296"},{"taxonomy":"product_cat","embeddable":true,"href":"https:\/\/chickychick.tr\/index.php\/wp-json\/wp\/v2\/product_cat?post=296"},{"taxonomy":"product_tag","embeddable":true,"href":"https:\/\/chickychick.tr\/index.php\/wp-json\/wp\/v2\/product_tag?post=296"}],"curies":[{"name":"wp","href":"https:\/\/api.w.org\/{rel}","templated":true}]}}