{"id":301,"date":"2024-11-29T10:49:29","date_gmt":"2024-11-29T07:49:29","guid":{"rendered":"http:\/\/chickychick.tr\/?post_type=product&#038;p=301"},"modified":"2024-11-29T10:49:29","modified_gmt":"2024-11-29T07:49:29","slug":"menu-1","status":"publish","type":"product","link":"https:\/\/chickychick.tr\/index.php\/urun\/menu-1\/","title":{"rendered":"Men\u00fc 1"},"content":{"rendered":"<p>Ranch Burger + 2 Adet So\u011fan Halkas\u0131 + Patates K\u0131zartmas\u0131 + Ranch Sos + Kokteyl Sos + Ket\u00e7ap + Mayonez + Kutu \u0130\u00e7ecek<\/p>\n","protected":false},"excerpt":{"rendered":"<p>Ranch Burger + 2 Adet So\u011fan Halkas\u0131 + Patates K\u0131zartmas\u0131 + Ranch Sos + Kokteyl Sos + Ket\u00e7ap + Mayonez + Kutu \u0130\u00e7ecek<\/p>\n","protected":false},"featured_media":302,"comment_status":"open","ping_status":"closed","template":"","meta":[],"product_brand":[],"product_cat":[47],"product_tag":[],"class_list":{"0":"post-301","1":"product","2":"type-product","3":"status-publish","4":"has-post-thumbnail","6":"product_cat-burger-menu","8":"first","9":"instock","10":"shipping-taxable","11":"product-type-simple"},"_links":{"self":[{"href":"https:\/\/chickychick.tr\/index.php\/wp-json\/wp\/v2\/product\/301","targetHints":{"allow":["GET"]}}],"collection":[{"href":"https:\/\/chickychick.tr\/index.php\/wp-json\/wp\/v2\/product"}],"about":[{"href":"https:\/\/chickychick.tr\/index.php\/wp-json\/wp\/v2\/types\/product"}],"replies":[{"embeddable":true,"href":"https:\/\/chickychick.tr\/index.php\/wp-json\/wp\/v2\/comments?post=301"}],"wp:featuredmedia":[{"embeddable":true,"href":"https:\/\/chickychick.tr\/index.php\/wp-json\/wp\/v2\/media\/302"}],"wp:attachment":[{"href":"https:\/\/chickychick.tr\/index.php\/wp-json\/wp\/v2\/media?parent=301"}],"wp:term":[{"taxonomy":"product_brand","embeddable":true,"href":"https:\/\/chickychick.tr\/index.php\/wp-json\/wp\/v2\/product_brand?post=301"},{"taxonomy":"product_cat","embeddable":true,"href":"https:\/\/chickychick.tr\/index.php\/wp-json\/wp\/v2\/product_cat?post=301"},{"taxonomy":"product_tag","embeddable":true,"href":"https:\/\/chickychick.tr\/index.php\/wp-json\/wp\/v2\/product_tag?post=301"}],"curies":[{"name":"wp","href":"https:\/\/api.w.org\/{rel}","templated":true}]}}