{"id":307,"date":"2024-11-29T10:53:03","date_gmt":"2024-11-29T07:53:03","guid":{"rendered":"http:\/\/chickychick.tr\/?post_type=product&#038;p=307"},"modified":"2024-11-29T10:53:03","modified_gmt":"2024-11-29T07:53:03","slug":"menu-4","status":"publish","type":"product","link":"https:\/\/chickychick.tr\/index.php\/urun\/menu-4\/","title":{"rendered":"Men\u00fc 4"},"content":{"rendered":"<p>2 Adet Chicky Cheeseburger + Tavuk Tenders (2 Adet) + Mozzarella Sticks (2 Adet) + Patates K\u0131zartmas\u0131 + Kokteyl Sos + Ranch Sos + Ket\u00e7ap + Mayonez + Coca-Cola (1 L.)<\/p>\n","protected":false},"excerpt":{"rendered":"<p>2 Adet Chicky Cheeseburger + Tavuk Tenders (2 Adet) + Mozzarella Sticks (2 Adet) + Patates K\u0131zartmas\u0131 + Kokteyl Sos + Ranch Sos + Ket\u00e7ap +<span class=\"excerpt-hellip\"> [\u2026]<\/span><\/p>\n","protected":false},"featured_media":308,"comment_status":"open","ping_status":"closed","template":"","meta":[],"product_brand":[],"product_cat":[47],"product_tag":[],"class_list":{"0":"post-307","1":"product","2":"type-product","3":"status-publish","4":"has-post-thumbnail","6":"product_cat-burger-menu","8":"first","9":"instock","10":"shipping-taxable","11":"product-type-simple"},"_links":{"self":[{"href":"https:\/\/chickychick.tr\/index.php\/wp-json\/wp\/v2\/product\/307","targetHints":{"allow":["GET"]}}],"collection":[{"href":"https:\/\/chickychick.tr\/index.php\/wp-json\/wp\/v2\/product"}],"about":[{"href":"https:\/\/chickychick.tr\/index.php\/wp-json\/wp\/v2\/types\/product"}],"replies":[{"embeddable":true,"href":"https:\/\/chickychick.tr\/index.php\/wp-json\/wp\/v2\/comments?post=307"}],"wp:featuredmedia":[{"embeddable":true,"href":"https:\/\/chickychick.tr\/index.php\/wp-json\/wp\/v2\/media\/308"}],"wp:attachment":[{"href":"https:\/\/chickychick.tr\/index.php\/wp-json\/wp\/v2\/media?parent=307"}],"wp:term":[{"taxonomy":"product_brand","embeddable":true,"href":"https:\/\/chickychick.tr\/index.php\/wp-json\/wp\/v2\/product_brand?post=307"},{"taxonomy":"product_cat","embeddable":true,"href":"https:\/\/chickychick.tr\/index.php\/wp-json\/wp\/v2\/product_cat?post=307"},{"taxonomy":"product_tag","embeddable":true,"href":"https:\/\/chickychick.tr\/index.php\/wp-json\/wp\/v2\/product_tag?post=307"}],"curies":[{"name":"wp","href":"https:\/\/api.w.org\/{rel}","templated":true}]}}