{"id":309,"date":"2024-11-29T10:54:08","date_gmt":"2024-11-29T07:54:08","guid":{"rendered":"http:\/\/chickychick.tr\/?post_type=product&#038;p=309"},"modified":"2024-11-29T10:54:08","modified_gmt":"2024-11-29T07:54:08","slug":"menu-5","status":"publish","type":"product","link":"https:\/\/chickychick.tr\/index.php\/urun\/menu-5\/","title":{"rendered":"Men\u00fc 5"},"content":{"rendered":"<p>2 Adet Cheeseburger + 2 Adet Ranch Burger + 4 Adet Tenders + 4 Adet So\u011fan Halkas\u0131 + Mega Boy Patates K\u0131zartmas\u0131 + Kokteyl Sos + Ranch Sos + Ket\u00e7ap + Mayonez + 2 Adet \u0130\u00e7ecek (1 L.)<\/p>\n","protected":false},"excerpt":{"rendered":"<p>2 Adet Cheeseburger + 2 Adet Ranch Burger + 4 Adet Tenders + 4 Adet So\u011fan Halkas\u0131 + Mega Boy Patates K\u0131zartmas\u0131 + Kokteyl Sos +<span class=\"excerpt-hellip\"> [\u2026]<\/span><\/p>\n","protected":false},"featured_media":310,"comment_status":"open","ping_status":"closed","template":"","meta":[],"product_brand":[],"product_cat":[47],"product_tag":[],"class_list":{"0":"post-309","1":"product","2":"type-product","3":"status-publish","4":"has-post-thumbnail","6":"product_cat-burger-menu","8":"first","9":"instock","10":"shipping-taxable","11":"product-type-simple"},"_links":{"self":[{"href":"https:\/\/chickychick.tr\/index.php\/wp-json\/wp\/v2\/product\/309","targetHints":{"allow":["GET"]}}],"collection":[{"href":"https:\/\/chickychick.tr\/index.php\/wp-json\/wp\/v2\/product"}],"about":[{"href":"https:\/\/chickychick.tr\/index.php\/wp-json\/wp\/v2\/types\/product"}],"replies":[{"embeddable":true,"href":"https:\/\/chickychick.tr\/index.php\/wp-json\/wp\/v2\/comments?post=309"}],"wp:featuredmedia":[{"embeddable":true,"href":"https:\/\/chickychick.tr\/index.php\/wp-json\/wp\/v2\/media\/310"}],"wp:attachment":[{"href":"https:\/\/chickychick.tr\/index.php\/wp-json\/wp\/v2\/media?parent=309"}],"wp:term":[{"taxonomy":"product_brand","embeddable":true,"href":"https:\/\/chickychick.tr\/index.php\/wp-json\/wp\/v2\/product_brand?post=309"},{"taxonomy":"product_cat","embeddable":true,"href":"https:\/\/chickychick.tr\/index.php\/wp-json\/wp\/v2\/product_cat?post=309"},{"taxonomy":"product_tag","embeddable":true,"href":"https:\/\/chickychick.tr\/index.php\/wp-json\/wp\/v2\/product_tag?post=309"}],"curies":[{"name":"wp","href":"https:\/\/api.w.org\/{rel}","templated":true}]}}