{"id":311,"date":"2024-11-29T10:56:14","date_gmt":"2024-11-29T07:56:14","guid":{"rendered":"http:\/\/chickychick.tr\/?post_type=product&#038;p=311"},"modified":"2024-11-29T10:56:14","modified_gmt":"2024-11-29T07:56:14","slug":"koreli","status":"publish","type":"product","link":"https:\/\/chickychick.tr\/index.php\/urun\/koreli\/","title":{"rendered":"Koreli"},"content":{"rendered":"<p>Tavuk g\u00f6\u011f\u00fcs, \u00f6zel ball\u0131 Kore sos, susam. Sebzeli noodle ile<\/p>\n","protected":false},"excerpt":{"rendered":"<p>Tavuk g\u00f6\u011f\u00fcs, \u00f6zel ball\u0131 Kore sos, susam. Sebzeli noodle ile<\/p>\n","protected":false},"featured_media":312,"comment_status":"open","ping_status":"closed","template":"","meta":[],"product_brand":[],"product_cat":[38],"product_tag":[],"class_list":{"0":"post-311","1":"product","2":"type-product","3":"status-publish","4":"has-post-thumbnail","6":"product_cat-asya-lezzetler","8":"first","9":"instock","10":"shipping-taxable","11":"product-type-simple"},"_links":{"self":[{"href":"https:\/\/chickychick.tr\/index.php\/wp-json\/wp\/v2\/product\/311","targetHints":{"allow":["GET"]}}],"collection":[{"href":"https:\/\/chickychick.tr\/index.php\/wp-json\/wp\/v2\/product"}],"about":[{"href":"https:\/\/chickychick.tr\/index.php\/wp-json\/wp\/v2\/types\/product"}],"replies":[{"embeddable":true,"href":"https:\/\/chickychick.tr\/index.php\/wp-json\/wp\/v2\/comments?post=311"}],"wp:featuredmedia":[{"embeddable":true,"href":"https:\/\/chickychick.tr\/index.php\/wp-json\/wp\/v2\/media\/312"}],"wp:attachment":[{"href":"https:\/\/chickychick.tr\/index.php\/wp-json\/wp\/v2\/media?parent=311"}],"wp:term":[{"taxonomy":"product_brand","embeddable":true,"href":"https:\/\/chickychick.tr\/index.php\/wp-json\/wp\/v2\/product_brand?post=311"},{"taxonomy":"product_cat","embeddable":true,"href":"https:\/\/chickychick.tr\/index.php\/wp-json\/wp\/v2\/product_cat?post=311"},{"taxonomy":"product_tag","embeddable":true,"href":"https:\/\/chickychick.tr\/index.php\/wp-json\/wp\/v2\/product_tag?post=311"}],"curies":[{"name":"wp","href":"https:\/\/api.w.org\/{rel}","templated":true}]}}