{"id":319,"date":"2024-11-29T11:02:16","date_gmt":"2024-11-29T08:02:16","guid":{"rendered":"http:\/\/chickychick.tr\/?post_type=product&#038;p=319"},"modified":"2024-11-29T11:02:16","modified_gmt":"2024-11-29T08:02:16","slug":"baslangic-sepeti","status":"publish","type":"product","link":"https:\/\/chickychick.tr\/index.php\/urun\/baslangic-sepeti\/","title":{"rendered":"Ba\u015flang\u0131\u00e7 Sepeti"},"content":{"rendered":"<p>4 adet popcorn, 2 adet so\u011fan halkas\u0131, 2 adet tender, 2 mozzarella stick, ranch sos, ball\u0131 hardal sos, ket\u00e7ap, mayonez, patates k\u0131zartmas\u0131<\/p>\n","protected":false},"excerpt":{"rendered":"<p>4 adet popcorn, 2 adet so\u011fan halkas\u0131, 2 adet tender, 2 mozzarella stick, ranch sos, ball\u0131 hardal sos, ket\u00e7ap, mayonez, patates k\u0131zartmas\u0131<\/p>\n","protected":false},"featured_media":320,"comment_status":"open","ping_status":"closed","template":"","meta":[],"product_brand":[],"product_cat":[14],"product_tag":[],"class_list":{"0":"post-319","1":"product","2":"type-product","3":"status-publish","4":"has-post-thumbnail","6":"product_cat-citir-lezzetler","8":"first","9":"instock","10":"shipping-taxable","11":"product-type-simple"},"_links":{"self":[{"href":"https:\/\/chickychick.tr\/index.php\/wp-json\/wp\/v2\/product\/319","targetHints":{"allow":["GET"]}}],"collection":[{"href":"https:\/\/chickychick.tr\/index.php\/wp-json\/wp\/v2\/product"}],"about":[{"href":"https:\/\/chickychick.tr\/index.php\/wp-json\/wp\/v2\/types\/product"}],"replies":[{"embeddable":true,"href":"https:\/\/chickychick.tr\/index.php\/wp-json\/wp\/v2\/comments?post=319"}],"wp:featuredmedia":[{"embeddable":true,"href":"https:\/\/chickychick.tr\/index.php\/wp-json\/wp\/v2\/media\/320"}],"wp:attachment":[{"href":"https:\/\/chickychick.tr\/index.php\/wp-json\/wp\/v2\/media?parent=319"}],"wp:term":[{"taxonomy":"product_brand","embeddable":true,"href":"https:\/\/chickychick.tr\/index.php\/wp-json\/wp\/v2\/product_brand?post=319"},{"taxonomy":"product_cat","embeddable":true,"href":"https:\/\/chickychick.tr\/index.php\/wp-json\/wp\/v2\/product_cat?post=319"},{"taxonomy":"product_tag","embeddable":true,"href":"https:\/\/chickychick.tr\/index.php\/wp-json\/wp\/v2\/product_tag?post=319"}],"curies":[{"name":"wp","href":"https:\/\/api.w.org\/{rel}","templated":true}]}}