{"id":331,"date":"2024-11-29T11:12:56","date_gmt":"2024-11-29T08:12:56","guid":{"rendered":"http:\/\/chickychick.tr\/?post_type=product&#038;p=331"},"modified":"2024-11-29T11:12:56","modified_gmt":"2024-11-29T08:12:56","slug":"penne-arabiata","status":"publish","type":"product","link":"https:\/\/chickychick.tr\/index.php\/urun\/penne-arabiata\/","title":{"rendered":"Penne Arabiata"},"content":{"rendered":"<p>Ev yap\u0131m\u0131 domates soslu, sar\u0131msak, fesle\u011fen, siyah zeytin, hafif ac\u0131l\u0131<\/p>\n","protected":false},"excerpt":{"rendered":"<p>Ev yap\u0131m\u0131 domates soslu, sar\u0131msak, fesle\u011fen, siyah zeytin, hafif ac\u0131l\u0131<\/p>\n","protected":false},"featured_media":334,"comment_status":"open","ping_status":"closed","template":"","meta":[],"product_brand":[],"product_cat":[39],"product_tag":[],"class_list":{"0":"post-331","1":"product","2":"type-product","3":"status-publish","4":"has-post-thumbnail","6":"product_cat-makarna","8":"first","9":"instock","10":"shipping-taxable","11":"product-type-simple"},"_links":{"self":[{"href":"https:\/\/chickychick.tr\/index.php\/wp-json\/wp\/v2\/product\/331","targetHints":{"allow":["GET"]}}],"collection":[{"href":"https:\/\/chickychick.tr\/index.php\/wp-json\/wp\/v2\/product"}],"about":[{"href":"https:\/\/chickychick.tr\/index.php\/wp-json\/wp\/v2\/types\/product"}],"replies":[{"embeddable":true,"href":"https:\/\/chickychick.tr\/index.php\/wp-json\/wp\/v2\/comments?post=331"}],"wp:featuredmedia":[{"embeddable":true,"href":"https:\/\/chickychick.tr\/index.php\/wp-json\/wp\/v2\/media\/334"}],"wp:attachment":[{"href":"https:\/\/chickychick.tr\/index.php\/wp-json\/wp\/v2\/media?parent=331"}],"wp:term":[{"taxonomy":"product_brand","embeddable":true,"href":"https:\/\/chickychick.tr\/index.php\/wp-json\/wp\/v2\/product_brand?post=331"},{"taxonomy":"product_cat","embeddable":true,"href":"https:\/\/chickychick.tr\/index.php\/wp-json\/wp\/v2\/product_cat?post=331"},{"taxonomy":"product_tag","embeddable":true,"href":"https:\/\/chickychick.tr\/index.php\/wp-json\/wp\/v2\/product_tag?post=331"}],"curies":[{"name":"wp","href":"https:\/\/api.w.org\/{rel}","templated":true}]}}