{"id":335,"date":"2024-11-29T11:14:34","date_gmt":"2024-11-29T08:14:34","guid":{"rendered":"http:\/\/chickychick.tr\/?post_type=product&#038;p=335"},"modified":"2024-11-29T11:14:35","modified_gmt":"2024-11-29T08:14:35","slug":"gevrek-kanat","status":"publish","type":"product","link":"https:\/\/chickychick.tr\/index.php\/urun\/gevrek-kanat\/","title":{"rendered":"Gevrek Kanat"},"content":{"rendered":"<p>Ranch sos, kokteyl sos, ket\u00e7ap, mayonez, patates k\u0131zartmas\u0131 ile<\/p>\n","protected":false},"excerpt":{"rendered":"<p>Ranch sos, kokteyl sos, ket\u00e7ap, mayonez, patates k\u0131zartmas\u0131 ile<\/p>\n","protected":false},"featured_media":336,"comment_status":"open","ping_status":"closed","template":"","meta":[],"product_brand":[],"product_cat":[36],"product_tag":[],"class_list":{"0":"post-335","1":"product","2":"type-product","3":"status-publish","4":"has-post-thumbnail","6":"product_cat-kanatlar","8":"first","9":"instock","10":"shipping-taxable","11":"product-type-simple"},"_links":{"self":[{"href":"https:\/\/chickychick.tr\/index.php\/wp-json\/wp\/v2\/product\/335","targetHints":{"allow":["GET"]}}],"collection":[{"href":"https:\/\/chickychick.tr\/index.php\/wp-json\/wp\/v2\/product"}],"about":[{"href":"https:\/\/chickychick.tr\/index.php\/wp-json\/wp\/v2\/types\/product"}],"replies":[{"embeddable":true,"href":"https:\/\/chickychick.tr\/index.php\/wp-json\/wp\/v2\/comments?post=335"}],"wp:featuredmedia":[{"embeddable":true,"href":"https:\/\/chickychick.tr\/index.php\/wp-json\/wp\/v2\/media\/336"}],"wp:attachment":[{"href":"https:\/\/chickychick.tr\/index.php\/wp-json\/wp\/v2\/media?parent=335"}],"wp:term":[{"taxonomy":"product_brand","embeddable":true,"href":"https:\/\/chickychick.tr\/index.php\/wp-json\/wp\/v2\/product_brand?post=335"},{"taxonomy":"product_cat","embeddable":true,"href":"https:\/\/chickychick.tr\/index.php\/wp-json\/wp\/v2\/product_cat?post=335"},{"taxonomy":"product_tag","embeddable":true,"href":"https:\/\/chickychick.tr\/index.php\/wp-json\/wp\/v2\/product_tag?post=335"}],"curies":[{"name":"wp","href":"https:\/\/api.w.org\/{rel}","templated":true}]}}