{"id":337,"date":"2024-11-29T11:16:27","date_gmt":"2024-11-29T08:16:27","guid":{"rendered":"http:\/\/chickychick.tr\/?post_type=product&#038;p=337"},"modified":"2024-11-29T11:16:27","modified_gmt":"2024-11-29T08:16:27","slug":"louisiana-kanat","status":"publish","type":"product","link":"https:\/\/chickychick.tr\/index.php\/urun\/louisiana-kanat\/","title":{"rendered":"Louisiana Kanat"},"content":{"rendered":"<p>Ac\u0131l\u0131 \u00e7\u0131t\u0131r tavuk kanat. Ranch sos, kokteyl sos, ket\u00e7ap, mayonez, patates k\u0131zartmas\u0131 ile.<\/p>\n","protected":false},"excerpt":{"rendered":"<p>Ac\u0131l\u0131 \u00e7\u0131t\u0131r tavuk kanat. Ranch sos, kokteyl sos, ket\u00e7ap, mayonez, patates k\u0131zartmas\u0131 ile.<\/p>\n","protected":false},"featured_media":338,"comment_status":"open","ping_status":"closed","template":"","meta":[],"product_brand":[],"product_cat":[36],"product_tag":[],"class_list":{"0":"post-337","1":"product","2":"type-product","3":"status-publish","4":"has-post-thumbnail","6":"product_cat-kanatlar","8":"first","9":"instock","10":"shipping-taxable","11":"product-type-simple"},"_links":{"self":[{"href":"https:\/\/chickychick.tr\/index.php\/wp-json\/wp\/v2\/product\/337","targetHints":{"allow":["GET"]}}],"collection":[{"href":"https:\/\/chickychick.tr\/index.php\/wp-json\/wp\/v2\/product"}],"about":[{"href":"https:\/\/chickychick.tr\/index.php\/wp-json\/wp\/v2\/types\/product"}],"replies":[{"embeddable":true,"href":"https:\/\/chickychick.tr\/index.php\/wp-json\/wp\/v2\/comments?post=337"}],"wp:featuredmedia":[{"embeddable":true,"href":"https:\/\/chickychick.tr\/index.php\/wp-json\/wp\/v2\/media\/338"}],"wp:attachment":[{"href":"https:\/\/chickychick.tr\/index.php\/wp-json\/wp\/v2\/media?parent=337"}],"wp:term":[{"taxonomy":"product_brand","embeddable":true,"href":"https:\/\/chickychick.tr\/index.php\/wp-json\/wp\/v2\/product_brand?post=337"},{"taxonomy":"product_cat","embeddable":true,"href":"https:\/\/chickychick.tr\/index.php\/wp-json\/wp\/v2\/product_cat?post=337"},{"taxonomy":"product_tag","embeddable":true,"href":"https:\/\/chickychick.tr\/index.php\/wp-json\/wp\/v2\/product_tag?post=337"}],"curies":[{"name":"wp","href":"https:\/\/api.w.org\/{rel}","templated":true}]}}