{"id":341,"date":"2024-11-29T11:18:16","date_gmt":"2024-11-29T08:18:16","guid":{"rendered":"http:\/\/chickychick.tr\/?post_type=product&#038;p=341"},"modified":"2024-11-29T11:18:16","modified_gmt":"2024-11-29T08:18:16","slug":"barbeku-soslu-kanat","status":"publish","type":"product","link":"https:\/\/chickychick.tr\/index.php\/urun\/barbeku-soslu-kanat\/","title":{"rendered":"Barbek\u00fc Soslu Kanat"},"content":{"rendered":"<p>6 adet barbek\u00fc soslu kanat. Ranch sos, kokteyl sos, ket\u00e7ap, mayonez, baharatl\u0131 patates k\u0131zartmas\u0131 ile<\/p>\n","protected":false},"excerpt":{"rendered":"<p>6 adet barbek\u00fc soslu kanat. Ranch sos, kokteyl sos, ket\u00e7ap, mayonez, baharatl\u0131 patates k\u0131zartmas\u0131 ile<\/p>\n","protected":false},"featured_media":338,"comment_status":"open","ping_status":"closed","template":"","meta":[],"product_brand":[],"product_cat":[36],"product_tag":[],"class_list":{"0":"post-341","1":"product","2":"type-product","3":"status-publish","4":"has-post-thumbnail","6":"product_cat-kanatlar","8":"first","9":"instock","10":"shipping-taxable","11":"product-type-simple"},"_links":{"self":[{"href":"https:\/\/chickychick.tr\/index.php\/wp-json\/wp\/v2\/product\/341","targetHints":{"allow":["GET"]}}],"collection":[{"href":"https:\/\/chickychick.tr\/index.php\/wp-json\/wp\/v2\/product"}],"about":[{"href":"https:\/\/chickychick.tr\/index.php\/wp-json\/wp\/v2\/types\/product"}],"replies":[{"embeddable":true,"href":"https:\/\/chickychick.tr\/index.php\/wp-json\/wp\/v2\/comments?post=341"}],"wp:featuredmedia":[{"embeddable":true,"href":"https:\/\/chickychick.tr\/index.php\/wp-json\/wp\/v2\/media\/338"}],"wp:attachment":[{"href":"https:\/\/chickychick.tr\/index.php\/wp-json\/wp\/v2\/media?parent=341"}],"wp:term":[{"taxonomy":"product_brand","embeddable":true,"href":"https:\/\/chickychick.tr\/index.php\/wp-json\/wp\/v2\/product_brand?post=341"},{"taxonomy":"product_cat","embeddable":true,"href":"https:\/\/chickychick.tr\/index.php\/wp-json\/wp\/v2\/product_cat?post=341"},{"taxonomy":"product_tag","embeddable":true,"href":"https:\/\/chickychick.tr\/index.php\/wp-json\/wp\/v2\/product_tag?post=341"}],"curies":[{"name":"wp","href":"https:\/\/api.w.org\/{rel}","templated":true}]}}