{"id":342,"date":"2024-11-29T11:21:36","date_gmt":"2024-11-29T08:21:36","guid":{"rendered":"http:\/\/chickychick.tr\/?post_type=product&#038;p=342"},"modified":"2024-11-29T11:21:37","modified_gmt":"2024-11-29T08:21:37","slug":"citir-tavuk-salata","status":"publish","type":"product","link":"https:\/\/chickychick.tr\/index.php\/urun\/citir-tavuk-salata\/","title":{"rendered":"\u00c7\u0131t\u0131r Tavuk Salata"},"content":{"rendered":"<p>K\u00f6rpe Akdeniz ye\u015fillikleri, ye\u015fil zeytin, domates, salatal\u0131k, hardal sos<\/p>\n","protected":false},"excerpt":{"rendered":"<p>K\u00f6rpe Akdeniz ye\u015fillikleri, ye\u015fil zeytin, domates, salatal\u0131k, hardal sos<\/p>\n","protected":false},"featured_media":343,"comment_status":"open","ping_status":"closed","template":"","meta":[],"product_brand":[],"product_cat":[43],"product_tag":[],"class_list":{"0":"post-342","1":"product","2":"type-product","3":"status-publish","4":"has-post-thumbnail","6":"product_cat-salatalar","8":"first","9":"instock","10":"shipping-taxable","11":"product-type-simple"},"_links":{"self":[{"href":"https:\/\/chickychick.tr\/index.php\/wp-json\/wp\/v2\/product\/342","targetHints":{"allow":["GET"]}}],"collection":[{"href":"https:\/\/chickychick.tr\/index.php\/wp-json\/wp\/v2\/product"}],"about":[{"href":"https:\/\/chickychick.tr\/index.php\/wp-json\/wp\/v2\/types\/product"}],"replies":[{"embeddable":true,"href":"https:\/\/chickychick.tr\/index.php\/wp-json\/wp\/v2\/comments?post=342"}],"wp:featuredmedia":[{"embeddable":true,"href":"https:\/\/chickychick.tr\/index.php\/wp-json\/wp\/v2\/media\/343"}],"wp:attachment":[{"href":"https:\/\/chickychick.tr\/index.php\/wp-json\/wp\/v2\/media?parent=342"}],"wp:term":[{"taxonomy":"product_brand","embeddable":true,"href":"https:\/\/chickychick.tr\/index.php\/wp-json\/wp\/v2\/product_brand?post=342"},{"taxonomy":"product_cat","embeddable":true,"href":"https:\/\/chickychick.tr\/index.php\/wp-json\/wp\/v2\/product_cat?post=342"},{"taxonomy":"product_tag","embeddable":true,"href":"https:\/\/chickychick.tr\/index.php\/wp-json\/wp\/v2\/product_tag?post=342"}],"curies":[{"name":"wp","href":"https:\/\/api.w.org\/{rel}","templated":true}]}}