{"id":344,"date":"2024-11-29T11:22:59","date_gmt":"2024-11-29T08:22:59","guid":{"rendered":"http:\/\/chickychick.tr\/?post_type=product&#038;p=344"},"modified":"2024-11-29T11:22:59","modified_gmt":"2024-11-29T08:22:59","slug":"izgara-tavuk-salata","status":"publish","type":"product","link":"https:\/\/chickychick.tr\/index.php\/urun\/izgara-tavuk-salata\/","title":{"rendered":"Izgara Tavuk Salata"},"content":{"rendered":"<p>K\u00f6rpe Akdeniz ye\u015fillikleri, k\u00f6zlenmi\u015f biber, domates, salatal\u0131k, Balsamik sos<\/p>\n","protected":false},"excerpt":{"rendered":"<p>K\u00f6rpe Akdeniz ye\u015fillikleri, k\u00f6zlenmi\u015f biber, domates, salatal\u0131k, Balsamik sos<\/p>\n","protected":false},"featured_media":345,"comment_status":"open","ping_status":"closed","template":"","meta":[],"product_brand":[],"product_cat":[43],"product_tag":[],"class_list":{"0":"post-344","1":"product","2":"type-product","3":"status-publish","4":"has-post-thumbnail","6":"product_cat-salatalar","8":"first","9":"instock","10":"shipping-taxable","11":"product-type-simple"},"_links":{"self":[{"href":"https:\/\/chickychick.tr\/index.php\/wp-json\/wp\/v2\/product\/344","targetHints":{"allow":["GET"]}}],"collection":[{"href":"https:\/\/chickychick.tr\/index.php\/wp-json\/wp\/v2\/product"}],"about":[{"href":"https:\/\/chickychick.tr\/index.php\/wp-json\/wp\/v2\/types\/product"}],"replies":[{"embeddable":true,"href":"https:\/\/chickychick.tr\/index.php\/wp-json\/wp\/v2\/comments?post=344"}],"wp:featuredmedia":[{"embeddable":true,"href":"https:\/\/chickychick.tr\/index.php\/wp-json\/wp\/v2\/media\/345"}],"wp:attachment":[{"href":"https:\/\/chickychick.tr\/index.php\/wp-json\/wp\/v2\/media?parent=344"}],"wp:term":[{"taxonomy":"product_brand","embeddable":true,"href":"https:\/\/chickychick.tr\/index.php\/wp-json\/wp\/v2\/product_brand?post=344"},{"taxonomy":"product_cat","embeddable":true,"href":"https:\/\/chickychick.tr\/index.php\/wp-json\/wp\/v2\/product_cat?post=344"},{"taxonomy":"product_tag","embeddable":true,"href":"https:\/\/chickychick.tr\/index.php\/wp-json\/wp\/v2\/product_tag?post=344"}],"curies":[{"name":"wp","href":"https:\/\/api.w.org\/{rel}","templated":true}]}}