{"id":346,"date":"2024-11-29T11:24:55","date_gmt":"2024-11-29T08:24:55","guid":{"rendered":"http:\/\/chickychick.tr\/?post_type=product&#038;p=346"},"modified":"2024-11-29T11:24:55","modified_gmt":"2024-11-29T08:24:55","slug":"kutu-1","status":"publish","type":"product","link":"https:\/\/chickychick.tr\/index.php\/urun\/kutu-1\/","title":{"rendered":"Kutu 1"},"content":{"rendered":"<p>2 adet falafel, 2 adet so\u011fan halkas\u0131, 2 adet tavuk tenders, 2 adet mozzarella sticks, ranch sos, ball\u0131 hardal sos, ket\u00e7ap, mayonez, patates k\u0131zartmas\u0131<\/p>\n","protected":false},"excerpt":{"rendered":"<p>2 adet falafel, 2 adet so\u011fan halkas\u0131, 2 adet tavuk tenders, 2 adet mozzarella sticks, ranch sos, ball\u0131 hardal sos, ket\u00e7ap, mayonez, patates k\u0131zartmas\u0131<\/p>\n","protected":false},"featured_media":347,"comment_status":"open","ping_status":"closed","template":"","meta":[],"product_brand":[],"product_cat":[48],"product_tag":[],"class_list":{"0":"post-346","1":"product","2":"type-product","3":"status-publish","4":"has-post-thumbnail","6":"product_cat-kutu-lezzetler","8":"first","9":"instock","10":"shipping-taxable","11":"product-type-simple"},"_links":{"self":[{"href":"https:\/\/chickychick.tr\/index.php\/wp-json\/wp\/v2\/product\/346","targetHints":{"allow":["GET"]}}],"collection":[{"href":"https:\/\/chickychick.tr\/index.php\/wp-json\/wp\/v2\/product"}],"about":[{"href":"https:\/\/chickychick.tr\/index.php\/wp-json\/wp\/v2\/types\/product"}],"replies":[{"embeddable":true,"href":"https:\/\/chickychick.tr\/index.php\/wp-json\/wp\/v2\/comments?post=346"}],"wp:featuredmedia":[{"embeddable":true,"href":"https:\/\/chickychick.tr\/index.php\/wp-json\/wp\/v2\/media\/347"}],"wp:attachment":[{"href":"https:\/\/chickychick.tr\/index.php\/wp-json\/wp\/v2\/media?parent=346"}],"wp:term":[{"taxonomy":"product_brand","embeddable":true,"href":"https:\/\/chickychick.tr\/index.php\/wp-json\/wp\/v2\/product_brand?post=346"},{"taxonomy":"product_cat","embeddable":true,"href":"https:\/\/chickychick.tr\/index.php\/wp-json\/wp\/v2\/product_cat?post=346"},{"taxonomy":"product_tag","embeddable":true,"href":"https:\/\/chickychick.tr\/index.php\/wp-json\/wp\/v2\/product_tag?post=346"}],"curies":[{"name":"wp","href":"https:\/\/api.w.org\/{rel}","templated":true}]}}