{"id":351,"date":"2024-11-29T11:30:01","date_gmt":"2024-11-29T08:30:01","guid":{"rendered":"http:\/\/chickychick.tr\/?post_type=product&#038;p=351"},"modified":"2024-11-29T11:30:01","modified_gmt":"2024-11-29T08:30:01","slug":"kutu-3","status":"publish","type":"product","link":"https:\/\/chickychick.tr\/index.php\/urun\/kutu-3\/","title":{"rendered":"Kutu 3"},"content":{"rendered":"<p>4 adet \u00e7\u0131t\u0131r tavuk kanat, 4 adet so\u011fan halkas\u0131, 4 adet tavuk tenders, 4 adet mozzarella sticks, ranch sos, ball\u0131 hardal sos, ket\u00e7ap, mayonez, baharatl\u0131 patates k\u0131zartmas\u0131<\/p>\n","protected":false},"excerpt":{"rendered":"<p>4 adet \u00e7\u0131t\u0131r tavuk kanat, 4 adet so\u011fan halkas\u0131, 4 adet tavuk tenders, 4 adet mozzarella sticks, ranch sos, ball\u0131 hardal sos, ket\u00e7ap, mayonez, baharatl\u0131 patates<span class=\"excerpt-hellip\"> [\u2026]<\/span><\/p>\n","protected":false},"featured_media":349,"comment_status":"open","ping_status":"closed","template":"","meta":[],"product_brand":[],"product_cat":[48],"product_tag":[],"class_list":{"0":"post-351","1":"product","2":"type-product","3":"status-publish","4":"has-post-thumbnail","6":"product_cat-kutu-lezzetler","8":"first","9":"instock","10":"shipping-taxable","11":"product-type-simple"},"_links":{"self":[{"href":"https:\/\/chickychick.tr\/index.php\/wp-json\/wp\/v2\/product\/351","targetHints":{"allow":["GET"]}}],"collection":[{"href":"https:\/\/chickychick.tr\/index.php\/wp-json\/wp\/v2\/product"}],"about":[{"href":"https:\/\/chickychick.tr\/index.php\/wp-json\/wp\/v2\/types\/product"}],"replies":[{"embeddable":true,"href":"https:\/\/chickychick.tr\/index.php\/wp-json\/wp\/v2\/comments?post=351"}],"wp:featuredmedia":[{"embeddable":true,"href":"https:\/\/chickychick.tr\/index.php\/wp-json\/wp\/v2\/media\/349"}],"wp:attachment":[{"href":"https:\/\/chickychick.tr\/index.php\/wp-json\/wp\/v2\/media?parent=351"}],"wp:term":[{"taxonomy":"product_brand","embeddable":true,"href":"https:\/\/chickychick.tr\/index.php\/wp-json\/wp\/v2\/product_brand?post=351"},{"taxonomy":"product_cat","embeddable":true,"href":"https:\/\/chickychick.tr\/index.php\/wp-json\/wp\/v2\/product_cat?post=351"},{"taxonomy":"product_tag","embeddable":true,"href":"https:\/\/chickychick.tr\/index.php\/wp-json\/wp\/v2\/product_tag?post=351"}],"curies":[{"name":"wp","href":"https:\/\/api.w.org\/{rel}","templated":true}]}}