{"id":359,"date":"2024-11-29T11:39:39","date_gmt":"2024-11-29T08:39:39","guid":{"rendered":"http:\/\/chickychick.tr\/?post_type=product&#038;p=359"},"modified":"2024-11-29T11:39:39","modified_gmt":"2024-11-29T08:39:39","slug":"madam-kori-burger","status":"publish","type":"product","link":"https:\/\/chickychick.tr\/index.php\/urun\/madam-kori-burger\/","title":{"rendered":"Madam K\u00f6ri Burger"},"content":{"rendered":"<p>\u00d6zel panelenmi\u015f tavuk but, k\u00f6ri sos, k\u0131rm\u0131z\u0131lahana, tur\u015fu, ranch sos, kokteyl sos, ket\u00e7ap, mayonez. Patates k\u0131zartmas\u0131 ile<\/p>\n","protected":false},"excerpt":{"rendered":"<p>\u00d6zel panelenmi\u015f tavuk but, k\u00f6ri sos, k\u0131rm\u0131z\u0131lahana, tur\u015fu, ranch sos, kokteyl sos, ket\u00e7ap, mayonez. Patates k\u0131zartmas\u0131 ile<\/p>\n","protected":false},"featured_media":360,"comment_status":"open","ping_status":"closed","template":"","meta":[],"product_brand":[],"product_cat":[44],"product_tag":[],"class_list":{"0":"post-359","1":"product","2":"type-product","3":"status-publish","4":"has-post-thumbnail","6":"product_cat-burgerler","8":"first","9":"instock","10":"shipping-taxable","11":"product-type-simple"},"_links":{"self":[{"href":"https:\/\/chickychick.tr\/index.php\/wp-json\/wp\/v2\/product\/359","targetHints":{"allow":["GET"]}}],"collection":[{"href":"https:\/\/chickychick.tr\/index.php\/wp-json\/wp\/v2\/product"}],"about":[{"href":"https:\/\/chickychick.tr\/index.php\/wp-json\/wp\/v2\/types\/product"}],"replies":[{"embeddable":true,"href":"https:\/\/chickychick.tr\/index.php\/wp-json\/wp\/v2\/comments?post=359"}],"wp:featuredmedia":[{"embeddable":true,"href":"https:\/\/chickychick.tr\/index.php\/wp-json\/wp\/v2\/media\/360"}],"wp:attachment":[{"href":"https:\/\/chickychick.tr\/index.php\/wp-json\/wp\/v2\/media?parent=359"}],"wp:term":[{"taxonomy":"product_brand","embeddable":true,"href":"https:\/\/chickychick.tr\/index.php\/wp-json\/wp\/v2\/product_brand?post=359"},{"taxonomy":"product_cat","embeddable":true,"href":"https:\/\/chickychick.tr\/index.php\/wp-json\/wp\/v2\/product_cat?post=359"},{"taxonomy":"product_tag","embeddable":true,"href":"https:\/\/chickychick.tr\/index.php\/wp-json\/wp\/v2\/product_tag?post=359"}],"curies":[{"name":"wp","href":"https:\/\/api.w.org\/{rel}","templated":true}]}}