{"id":363,"date":"2024-11-29T11:43:37","date_gmt":"2024-11-29T08:43:37","guid":{"rendered":"http:\/\/chickychick.tr\/?post_type=product&#038;p=363"},"modified":"2024-11-29T11:43:37","modified_gmt":"2024-11-29T08:43:37","slug":"mantarli-burger","status":"publish","type":"product","link":"https:\/\/chickychick.tr\/index.php\/urun\/mantarli-burger\/","title":{"rendered":"Mantarl\u0131 Burger"},"content":{"rendered":"<p>\u00d6zel panelenmi\u015f tavuk but, kremal\u0131 mantar sos, k\u0131rm\u0131z\u0131lahana, tur\u015fu, ranch sos, kokteyl sos. Patates k\u0131zartmas\u0131 ile<\/p>\n","protected":false},"excerpt":{"rendered":"<p>\u00d6zel panelenmi\u015f tavuk but, kremal\u0131 mantar sos, k\u0131rm\u0131z\u0131lahana, tur\u015fu, ranch sos, kokteyl sos. Patates k\u0131zartmas\u0131 ile<\/p>\n","protected":false},"featured_media":364,"comment_status":"open","ping_status":"closed","template":"","meta":[],"product_brand":[],"product_cat":[44],"product_tag":[],"class_list":{"0":"post-363","1":"product","2":"type-product","3":"status-publish","4":"has-post-thumbnail","6":"product_cat-burgerler","8":"first","9":"instock","10":"shipping-taxable","11":"product-type-simple"},"_links":{"self":[{"href":"https:\/\/chickychick.tr\/index.php\/wp-json\/wp\/v2\/product\/363","targetHints":{"allow":["GET"]}}],"collection":[{"href":"https:\/\/chickychick.tr\/index.php\/wp-json\/wp\/v2\/product"}],"about":[{"href":"https:\/\/chickychick.tr\/index.php\/wp-json\/wp\/v2\/types\/product"}],"replies":[{"embeddable":true,"href":"https:\/\/chickychick.tr\/index.php\/wp-json\/wp\/v2\/comments?post=363"}],"wp:featuredmedia":[{"embeddable":true,"href":"https:\/\/chickychick.tr\/index.php\/wp-json\/wp\/v2\/media\/364"}],"wp:attachment":[{"href":"https:\/\/chickychick.tr\/index.php\/wp-json\/wp\/v2\/media?parent=363"}],"wp:term":[{"taxonomy":"product_brand","embeddable":true,"href":"https:\/\/chickychick.tr\/index.php\/wp-json\/wp\/v2\/product_brand?post=363"},{"taxonomy":"product_cat","embeddable":true,"href":"https:\/\/chickychick.tr\/index.php\/wp-json\/wp\/v2\/product_cat?post=363"},{"taxonomy":"product_tag","embeddable":true,"href":"https:\/\/chickychick.tr\/index.php\/wp-json\/wp\/v2\/product_tag?post=363"}],"curies":[{"name":"wp","href":"https:\/\/api.w.org\/{rel}","templated":true}]}}